{"id":19299,"date":"2023-03-24T14:03:43","date_gmt":"2023-03-24T13:03:43","guid":{"rendered":"http:\/\/termalica.brukbet.com\/?page_id=19299"},"modified":"2026-04-02T12:31:59","modified_gmt":"2026-04-02T10:31:59","slug":"bbtkidscupu10-u11-2026","status":"publish","type":"page","link":"https:\/\/termalica.brukbet.com\/index.php\/bbtkidscupu10-u11-2026\/","title":{"rendered":"Bruk-Bet Termalica Kids Cup U-10 &#038; U-11"},"content":{"rendered":"<p style=\"text-align: center;\"><img fetchpriority=\"high\" decoding=\"async\" class=\"aligncenter size-large wp-image-44804\" src=\"https:\/\/termalica.brukbet.com\/wp-content\/uploads\/2026\/03\/BBT_KIDS-CUP_Turniej-Orlikow_2026_na-siec-727x1024.png\" alt=\"\" width=\"727\" height=\"1024\" srcset=\"https:\/\/termalica.brukbet.com\/wp-content\/uploads\/2026\/03\/BBT_KIDS-CUP_Turniej-Orlikow_2026_na-siec-727x1024.png 727w, https:\/\/termalica.brukbet.com\/wp-content\/uploads\/2026\/03\/BBT_KIDS-CUP_Turniej-Orlikow_2026_na-siec-213x300.png 213w, https:\/\/termalica.brukbet.com\/wp-content\/uploads\/2026\/03\/BBT_KIDS-CUP_Turniej-Orlikow_2026_na-siec-768x1082.png 768w, https:\/\/termalica.brukbet.com\/wp-content\/uploads\/2026\/03\/BBT_KIDS-CUP_Turniej-Orlikow_2026_na-siec.png 958w\" sizes=\"(max-width: 727px) 100vw, 727px\" \/><\/p>\n<p>&nbsp;<\/p>\n<p>Akademia Pi\u0142karska Bruk-Bet Termalica Nieciecza zaprasza na turniej dla dru\u017cyn Orlik\u00f3w\u00a0 &#8211; &#8222;<strong>Bruk-Bet Kids Cup U-10 &amp; U-11<\/strong>&#8222;. Jednodniowy turniej b\u0119dzie rozgrywany r\u00f3wnolegle na 6 boiskach. W ka\u017cdej kategorii wiekowej przewidujemy udzia\u0142 minimum 16 dru\u017cyn co zapewni odpowiedni\u0105 ilo\u015b\u0107 czasu gry i pi\u0142karskich emocji.<\/p>\n<p><strong>Podczas ostatnich edycji turnieju go\u015bcili\u015bmy ponad 100 zespo\u0142\u00f3w z ca\u0142ej Polski i zagranicy ! <\/strong>To doskona\u0142a okazja dla dzieci aby m\u00f3c sprawdzi\u0107 si\u0119 w grze z r\u00f3wie\u015bnikami z kt\u00f3rymi nie maj\u0105 okazji rywalizowa\u0107 na co dzie\u0144.<\/p>\n<p>Gwarantujemy, \u017ce na d\u0142ugo nie zapomnicie naszego wydarzenia. Startujemy w <strong>niedziel\u0119 21 czerwca<\/strong> o godzinie <strong>9:00<\/strong>.<\/p>\n<p>&nbsp;<\/p>\n<p style=\"text-align: center;\"><img decoding=\"async\" class=\"aligncenter wp-image-31705 size-large\" src=\"https:\/\/termalica.brukbet.com\/wp-content\/uploads\/2024\/08\/DSC03836-1024x683.jpg\" alt=\"\" width=\"1024\" height=\"683\" srcset=\"https:\/\/termalica.brukbet.com\/wp-content\/uploads\/2024\/08\/DSC03836-1024x683.jpg 1024w, https:\/\/termalica.brukbet.com\/wp-content\/uploads\/2024\/08\/DSC03836-300x200.jpg 300w, https:\/\/termalica.brukbet.com\/wp-content\/uploads\/2024\/08\/DSC03836-768x512.jpg 768w, https:\/\/termalica.brukbet.com\/wp-content\/uploads\/2024\/08\/DSC03836-1536x1024.jpg 1536w, https:\/\/termalica.brukbet.com\/wp-content\/uploads\/2024\/08\/DSC03836.jpg 2040w\" sizes=\"(max-width: 1024px) 100vw, 1024px\" \/><\/p>\n<p>&nbsp;<\/p>\n<p>Nie zapomnieli\u015bmy tak\u017ce o dodatkowych bezp\u0142atnych atrakcjach, kt\u00f3re b\u0119d\u0105 czeka\u0107 na uczestnik\u00f3w turniej\u00f3w oraz wszystkich kibic\u00f3w, kt\u00f3rzy w tym dniu odwiedz\u0105 Nieciecz\u0119. W\u015br\u00f3d nich znajd\u0105 si\u0119 m.in.:<\/p>\n<ul>\n<li>dmuchane boisko 20 x 10 m,<\/li>\n<li>strefa gier 1&#215;1,<\/li>\n<li>st\u00f3\u0142 do gry w Teq-Ball,<\/li>\n<li>zwiedzanie Stadionu &#8222;S\u0142oni&#8221;,<\/li>\n<li>dmucha\u0144ce dla dzieci,<\/li>\n<li>boisko do siatko-nogi,<\/li>\n<li>stref\u0119 gastronomiczn\u0105 &#8222;Klubu Kibica&#8221;<\/li>\n<li>i wiele innych&#8230;.<\/li>\n<\/ul>\n<p>&nbsp;<\/p>\n<p style=\"text-align: center;\"><img decoding=\"async\" class=\"aligncenter wp-image-40059 size-large\" src=\"https:\/\/termalica.brukbet.com\/wp-content\/uploads\/2025\/08\/DSC01313-1024x683.jpg\" alt=\"\" width=\"1024\" height=\"683\" srcset=\"https:\/\/termalica.brukbet.com\/wp-content\/uploads\/2025\/08\/DSC01313-1024x683.jpg 1024w, https:\/\/termalica.brukbet.com\/wp-content\/uploads\/2025\/08\/DSC01313-300x200.jpg 300w, https:\/\/termalica.brukbet.com\/wp-content\/uploads\/2025\/08\/DSC01313-768x512.jpg 768w, https:\/\/termalica.brukbet.com\/wp-content\/uploads\/2025\/08\/DSC01313-1536x1024.jpg 1536w, https:\/\/termalica.brukbet.com\/wp-content\/uploads\/2025\/08\/DSC01313.jpg 2048w\" sizes=\"(max-width: 1024px) 100vw, 1024px\" \/><\/p>\n<p>&nbsp;<\/p>\n<p>&nbsp;<\/p>\n<p><iframe title=\"Bruk-Bet Termalica Kids Cup 2024 #2 - After movie\" width=\"500\" height=\"281\" src=\"https:\/\/www.youtube.com\/embed\/CNRnbugfquA?feature=oembed\" frameborder=\"0\" allow=\"accelerometer; autoplay; clipboard-write; encrypted-media; gyroscope; picture-in-picture; web-share\" referrerpolicy=\"strict-origin-when-cross-origin\" allowfullscreen><\/iframe><\/p>\n<p>&nbsp;<\/p>\n<p style=\"text-align: center;\"><strong>Zapisz si\u0119 ju\u017c dzi\u015b !<\/strong><\/p>\n<h1 style=\"text-align: center;\"><span style=\"color: #ff6600;\">&gt;&gt;&gt; <a style=\"color: #ff6600;\" href=\"https:\/\/forms.gle\/HJmthj4Gc1kbh2qD8\">FORMULARZ ZG\u0141OSZE\u0143<\/a> &lt;&lt;&lt;<\/span><\/h1>\n<p>&nbsp;<\/p>\n<p style=\"text-align: center;\"><strong>Graj\u0105 z nami<\/strong><\/p>\n<p>&nbsp;<\/p>\n<h2 style=\"text-align: center;\">Termin 21 czerwca 2026<\/h2>\n<p>&nbsp;<\/p>\n<h3 style=\"text-align: center;\"><span style=\"color: #ff6600;\">Orlik &#8211; 2016<\/span><\/h3>\n<p style=\"text-align: center;\">1. Bruk-Bet Termalica Nieciecza<br \/>\n2. Grunwald Budziw\u00f3j Rzesz\u00f3w<br \/>\n3. Westovia Tarn\u00f3w<br \/>\n4. LKS Stasi\u00f3wka<br \/>\n5. Soccer Ropczyce<br \/>\n6. LKS Nidzica Dobies\u0142awice<br \/>\n7. Siarka Tarnobrzeg<br \/>\n8. PKS SAN Stalowa Wola<br \/>\n9. Tomasovia Tomasz\u00f3w Lubelski<br \/>\n10. AP Czarni Jas\u0142o<br \/>\n11. Lechia S\u0119dzisz\u00f3w Ma\u0142opolski<br \/>\n12. Radziszowianka Radzisz\u00f3w<br \/>\n13. Baszta Rytwiany<br \/>\n14. Global Soccer Academy Jas\u0142o<br \/>\n15. D\u0105brovia D\u0105browa Tarnowska<br \/>\n16. MKS Babia G\u00f3ra Sucha Beskidzka<br \/>\n17. BKS Bi\u0142goraj<br \/>\n18. Motor Lublin<\/p>\n<p>&nbsp;<\/p>\n<h3 style=\"text-align: center;\"><span style=\"color: #ff6600;\">Orlik &#8211; 2015<\/span><\/h3>\n<p style=\"text-align: center;\">1. Bruk-Bet Termalica Nieciecza 1<br \/>\n2. Bruk-Bet Termalica Nieciecza 2<br \/>\n3. MKS Krakus Nowa Huta<br \/>\n4. KS D\u0105bski Krak\u00f3w<br \/>\n5. AP Czarni Jas\u0142o<br \/>\n6. Soccer Ropczyce<br \/>\n7. MAGS Rad\u0142ovia Rad\u0142\u00f3w<br \/>\n8. KSPN Pogo\u0144 Krak\u00f3w 1<br \/>\n9. KSPN Pogo\u0144 Krak\u00f3w 2<br \/>\n10. KS Podg\u00f3rze Krak\u00f3w<br \/>\n11. AP Stalowa Wola<br \/>\n12. AP Ziomki Rzesz\u00f3w<br \/>\n13. DKS Gaudium Zamo\u015b\u0107<br \/>\n14. Marcovia Marki<br \/>\n15. AP Sok\u00f3\u0142 Sieniawa<\/p>\n<p>&nbsp;<\/p>\n<p>&nbsp;<\/p>\n<p style=\"text-align: center;\"><strong>Stan zg\u0142osze\u0144 na 02.04.2026<\/strong><\/p>\n<p>&nbsp;<\/p>\n<p>&nbsp;<\/p>\n<p>Zosta\u0144cie z nami i za po\u015brednictwem naszych medi\u00f3w spo\u0142eczno\u015bciowych sprawdzajcie na bie\u017c\u0105co jakie dodatkowe atrakcje pojawi\u0105 podczas pi\u0142karskiego festiwalu dzieci w Niecieczy &#8211; <a href=\"https:\/\/www.facebook.com\/AkademiaBBT\"><strong>www.facebook.com\/AkademiaBBT<\/strong><\/a> oraz <strong><a href=\"https:\/\/www.facebook.com\/BBTYouthCup\">www.facebook.com\/BBTYouthCup<\/a><\/strong><\/p>\n<p>&nbsp;<\/p>\n<p style=\"text-align: center;\"><strong>Do\u0142\u0105cz do NAS !\u00a0<\/strong><\/p>\n<p>&nbsp;<\/p>\n<h3 style=\"text-align: center;\"><a href=\"https:\/\/drive.google.com\/file\/d\/1rsu07Z9-oLDze3IMF3NjnxEfJ8HypOLU\/view?usp=sharing\"><span style=\"color: #ff6600;\"><strong>REGULAMIN TURNIEJU<\/strong><\/span><\/a><\/h3>\n<p>&nbsp;<\/p>\n<p>&nbsp;<\/p>\n<p style=\"text-align: center;\">Wi\u0119cej informacji na temat turnieju &#8222;<strong>Bruk-Bet Kids Cup U-10 &amp; U-11<\/strong>&#8221; mo\u017cna uzyska\u0107 pod adresem e-mail: <strong>eventy.bbt1922@gmail.com<\/strong> oraz pod numerem telefonu <strong>726 406 723.<\/strong><\/p>\n<p>&nbsp;<\/p>\n<div>\n<div>\n<h2 style=\"text-align: center;\">Razem\u00a0<strong>#Budujemypi\u0142karskietalenty<\/strong><\/h2>\n<\/div>\n<\/div>\n","protected":false},"excerpt":{"rendered":"<p>&nbsp; Akademia Pi\u0142karska Bruk-Bet Termalica Nieciecza zaprasza na turniej dla dru\u017cyn Orlik\u00f3w\u00a0 &#8211; &#8222;Bruk-Bet Kids Cup U-10 &amp; U-11&#8222;. Jednodniowy turniej b\u0119dzie rozgrywany r\u00f3wnolegle na 6 boiskach. W ka\u017cdej kategorii wiekowej przewidujemy udzia\u0142 minimum 16 dru\u017cyn co zapewni odpowiedni\u0105 ilo\u015b\u0107 czasu gry i pi\u0142karskich emocji. Podczas ostatnich edycji turnieju go\u015bcili\u015bmy ponad 100 zespo\u0142\u00f3w z ca\u0142ej [&hellip;]<\/p>\n","protected":false},"author":2,"featured_media":38777,"parent":0,"menu_order":0,"comment_status":"closed","ping_status":"closed","template":"","meta":{"_acf_changed":false,"footnotes":""},"class_list":["post-19299","page","type-page","status-publish","has-post-thumbnail","hentry"],"acf":[],"_links":{"self":[{"href":"https:\/\/termalica.brukbet.com\/index.php\/wp-json\/wp\/v2\/pages\/19299","targetHints":{"allow":["GET"]}}],"collection":[{"href":"https:\/\/termalica.brukbet.com\/index.php\/wp-json\/wp\/v2\/pages"}],"about":[{"href":"https:\/\/termalica.brukbet.com\/index.php\/wp-json\/wp\/v2\/types\/page"}],"author":[{"embeddable":true,"href":"https:\/\/termalica.brukbet.com\/index.php\/wp-json\/wp\/v2\/users\/2"}],"replies":[{"embeddable":true,"href":"https:\/\/termalica.brukbet.com\/index.php\/wp-json\/wp\/v2\/comments?post=19299"}],"version-history":[{"count":26,"href":"https:\/\/termalica.brukbet.com\/index.php\/wp-json\/wp\/v2\/pages\/19299\/revisions"}],"predecessor-version":[{"id":45432,"href":"https:\/\/termalica.brukbet.com\/index.php\/wp-json\/wp\/v2\/pages\/19299\/revisions\/45432"}],"wp:featuredmedia":[{"embeddable":true,"href":"https:\/\/termalica.brukbet.com\/index.php\/wp-json\/wp\/v2\/media\/38777"}],"wp:attachment":[{"href":"https:\/\/termalica.brukbet.com\/index.php\/wp-json\/wp\/v2\/media?parent=19299"}],"curies":[{"name":"wp","href":"https:\/\/api.w.org\/{rel}","templated":true}]}}