{"id":28437,"date":"2024-03-22T13:04:41","date_gmt":"2024-03-22T11:04:41","guid":{"rendered":"https:\/\/termalica.brukbet.com\/?page_id=28437"},"modified":"2025-10-12T10:11:48","modified_gmt":"2025-10-12T08:11:48","slug":"bbtyc25","status":"publish","type":"page","link":"https:\/\/termalica.brukbet.com\/index.php\/bbtyc25\/","title":{"rendered":"Bruk-Bet Termalica Youth Cup 2025"},"content":{"rendered":"<p style=\"text-align: center;\"><img fetchpriority=\"high\" decoding=\"async\" class=\"aligncenter size-large wp-image-21497\" src=\"https:\/\/termalica.brukbet.com\/wp-content\/uploads\/2023\/06\/DSC_0442-1024x684.jpg\" alt=\"\" width=\"1024\" height=\"684\" srcset=\"https:\/\/termalica.brukbet.com\/wp-content\/uploads\/2023\/06\/DSC_0442-1024x684.jpg 1024w, https:\/\/termalica.brukbet.com\/wp-content\/uploads\/2023\/06\/DSC_0442-300x200.jpg 300w, https:\/\/termalica.brukbet.com\/wp-content\/uploads\/2023\/06\/DSC_0442-768x513.jpg 768w, https:\/\/termalica.brukbet.com\/wp-content\/uploads\/2023\/06\/DSC_0442-1536x1025.jpg 1536w, https:\/\/termalica.brukbet.com\/wp-content\/uploads\/2023\/06\/DSC_0442.jpg 1618w\" sizes=\"(max-width: 1024px) 100vw, 1024px\" \/><\/p>\n<p>&nbsp;<\/p>\n<p>Akademia Pi\u0142karska Bruk-Bet Termalica zaprasza na ostatnie w tym roku turnieje w Niecieczy w kategoriach wiekowych <strong>U-9, U-10<\/strong> i <strong>U-11<\/strong> &#8211; <strong>Bruk-Bet Termalica Youth Cup 2025<\/strong> &#8211; edycja jesie\u0144, kt\u00f3re odb\u0119d\u0105 si\u0119 w sobot\u0119 <strong>25 pa\u017adziernika 2025<\/strong> r.<\/p>\n<p>Wydarzenia s\u0105 dedykowane zawodnikom w rocznikach <strong>2015<\/strong>, <strong>2016<\/strong> i <strong>2017<\/strong> r. Turnieje b\u0119d\u0105 rozgrywane r\u00f3wnolegle na <strong>czterech boiskach 50 x 25 metr\u00f3w<\/strong> na pe\u0142nowymiarowym obiekcie ze sztuczn\u0105 traw\u0105.<\/p>\n<p>&nbsp;<\/p>\n<p style=\"text-align: center;\"><img decoding=\"async\" class=\"aligncenter size-large wp-image-36115\" src=\"https:\/\/termalica.brukbet.com\/wp-content\/uploads\/2025\/03\/DSC01978-1024x683.jpg\" alt=\"\" width=\"1024\" height=\"683\" srcset=\"https:\/\/termalica.brukbet.com\/wp-content\/uploads\/2025\/03\/DSC01978-1024x683.jpg 1024w, https:\/\/termalica.brukbet.com\/wp-content\/uploads\/2025\/03\/DSC01978-300x200.jpg 300w, https:\/\/termalica.brukbet.com\/wp-content\/uploads\/2025\/03\/DSC01978-768x512.jpg 768w, https:\/\/termalica.brukbet.com\/wp-content\/uploads\/2025\/03\/DSC01978-1536x1024.jpg 1536w, https:\/\/termalica.brukbet.com\/wp-content\/uploads\/2025\/03\/DSC01978.jpg 2048w\" sizes=\"(max-width: 1024px) 100vw, 1024px\" \/><\/p>\n<p>&nbsp;<\/p>\n<p>Nie zapomnieli\u015bmy tak\u017ce o dodatkowych atrakcjach, kt\u00f3re b\u0119d\u0105 czeka\u0107 na uczestnik\u00f3w turniej\u00f3w. W\u015br\u00f3d nich znajd\u0105 si\u0119 m.in.:<\/p>\n<ul>\n<li>strefa gier 1&#215;1,<\/li>\n<li>pi\u0142karskie miasteczko,<\/li>\n<li>st\u00f3\u0142 do gry w Teq-Ball,<\/li>\n<li>zwiedzanie Stadionu &#8222;S\u0142oni&#8221;,<\/li>\n<li>strefa E-Sport z gr\u0105 FC 2026,<\/li>\n<li>strefa gastronomiczna &#8222;Klubu Kibica&#8221;<\/li>\n<li>i wiele innych&#8230;.<\/li>\n<\/ul>\n<p>&nbsp;<\/p>\n<p style=\"text-align: center;\"><img decoding=\"async\" class=\"aligncenter size-large wp-image-21500\" src=\"https:\/\/termalica.brukbet.com\/wp-content\/uploads\/2023\/06\/TMA9997_wynik-1024x683.jpg\" alt=\"\" width=\"1024\" height=\"683\" srcset=\"https:\/\/termalica.brukbet.com\/wp-content\/uploads\/2023\/06\/TMA9997_wynik-1024x683.jpg 1024w, https:\/\/termalica.brukbet.com\/wp-content\/uploads\/2023\/06\/TMA9997_wynik-300x200.jpg 300w, https:\/\/termalica.brukbet.com\/wp-content\/uploads\/2023\/06\/TMA9997_wynik-768x512.jpg 768w, https:\/\/termalica.brukbet.com\/wp-content\/uploads\/2023\/06\/TMA9997_wynik-1536x1024.jpg 1536w, https:\/\/termalica.brukbet.com\/wp-content\/uploads\/2023\/06\/TMA9997_wynik.jpg 1800w\" sizes=\"(max-width: 1024px) 100vw, 1024px\" \/><\/p>\n<p>&nbsp;<\/p>\n<p style=\"text-align: center;\"><strong>Zapisz si\u0119 ju\u017c dzi\u015b !<\/strong><\/p>\n<h1 style=\"text-align: center;\"><span style=\"color: #ff6600;\">&gt;&gt;&gt; <a href=\"https:\/\/bit.ly\/Forms_BBTYC2025\"><span style=\"color: #ff6600;\">FORMULARZ ZG\u0141OSZE\u0143<\/span><\/a> &lt;&lt;&lt;<\/span><\/h1>\n<p>&nbsp;<\/p>\n<p style=\"text-align: center;\"><strong>Graj\u0105 z nami<\/strong><\/p>\n<p>&nbsp;<\/p>\n<h3 style=\"text-align: center;\"><span style=\"color: #ff6600;\"><strong>2017<\/strong><\/span><\/h3>\n<p style=\"text-align: center;\">1. Bruk-Bet Termalica Nieciecza<br \/>\n2. Glinik Gorlice<br \/>\n3. Westovia Tarn\u00f3w<br \/>\n4. AP Czarni Jas\u0142o<br \/>\n5. Boles\u0142aw Bukowno<\/p>\n<p>&nbsp;<\/p>\n<h3 style=\"text-align: center;\"><span style=\"color: #ff6600;\">2016<\/span><\/h3>\n<p style=\"text-align: center;\">1. Bruk-Bet Termalica Nieciecza<br \/>\n2. Glinik Gorlice<\/p>\n<h3 style=\"text-align: center;\"><span style=\"color: #ff6600;\"><strong><br \/>\n2015<\/strong><\/span><\/h3>\n<p style=\"text-align: center;\">1. Bruk-Bet Termalica Nieciecza<\/p>\n<p>&nbsp;<\/p>\n<p style=\"text-align: center;\"><strong>Stan zg\u0142osze\u0144 na 11.10.2025<\/strong><\/p>\n<p>&nbsp;<\/p>\n<p>&nbsp;<\/p>\n<p>Zosta\u0144cie z nami i za po\u015brednictwem naszych medi\u00f3w spo\u0142eczno\u015bciowych sprawdzajcie na bie\u017c\u0105co jakie dodatkowe atrakcje pojawi\u0105 podczas <strong>BBT Youth Cup 2025<\/strong>\u00a0&#8211; <a href=\"https:\/\/www.facebook.com\/AkademiaBBT\"><strong>www.facebook.com\/AkademiaBBT<\/strong><\/a> oraz <strong><a href=\"https:\/\/www.facebook.com\/BBTYouthCup\">www.facebook.com\/BBTYouthCup<\/a><\/strong><\/p>\n<p>&nbsp;<\/p>\n<p style=\"text-align: center;\"><strong>Do\u0142\u0105cz do NAS ! I zagraj razem z nami w Niecieczy !<\/strong><\/p>\n<p>&nbsp;<\/p>\n<h3 style=\"text-align: center;\"><a href=\"https:\/\/drive.google.com\/file\/d\/1QPGNp-Afld1tIQUpA4GgYhuuCxfO2CzW\/view?usp=sharing\"><span style=\"color: #ff6600;\"><strong>REGULAMIN TURNIEJU<\/strong><\/span><\/a><\/h3>\n<p>&nbsp;<\/p>\n<p>&nbsp;<\/p>\n<p style=\"text-align: center;\">Wi\u0119cej informacji na temat mi\u0119dzynarodowych turniej\u00f3w &#8211; Bruk-Bet Kids Youth Cup 2025 mo\u017cna uzyska\u0107<\/p>\n<p style=\"text-align: center;\">pod adresem e-mail: <strong>eventy.bbt1922@gmail.com<\/strong> oraz pod numerem telefonu <strong>726 406 723.<\/strong><\/p>\n<p>&nbsp;<\/p>\n","protected":false},"excerpt":{"rendered":"<p>&nbsp; Akademia Pi\u0142karska Bruk-Bet Termalica zaprasza na ostatnie w tym roku turnieje w Niecieczy w kategoriach wiekowych U-9, U-10 i U-11 &#8211; Bruk-Bet Termalica Youth Cup 2025 &#8211; edycja jesie\u0144, kt\u00f3re odb\u0119d\u0105 si\u0119 w sobot\u0119 25 pa\u017adziernika 2025 r. Wydarzenia s\u0105 dedykowane zawodnikom w rocznikach 2015, 2016 i 2017 r. Turnieje b\u0119d\u0105 rozgrywane r\u00f3wnolegle na [&hellip;]<\/p>\n","protected":false},"author":2,"featured_media":39004,"parent":0,"menu_order":0,"comment_status":"closed","ping_status":"closed","template":"","meta":{"_acf_changed":false,"footnotes":""},"class_list":["post-28437","page","type-page","status-publish","has-post-thumbnail","hentry"],"acf":[],"_links":{"self":[{"href":"https:\/\/termalica.brukbet.com\/index.php\/wp-json\/wp\/v2\/pages\/28437","targetHints":{"allow":["GET"]}}],"collection":[{"href":"https:\/\/termalica.brukbet.com\/index.php\/wp-json\/wp\/v2\/pages"}],"about":[{"href":"https:\/\/termalica.brukbet.com\/index.php\/wp-json\/wp\/v2\/types\/page"}],"author":[{"embeddable":true,"href":"https:\/\/termalica.brukbet.com\/index.php\/wp-json\/wp\/v2\/users\/2"}],"replies":[{"embeddable":true,"href":"https:\/\/termalica.brukbet.com\/index.php\/wp-json\/wp\/v2\/comments?post=28437"}],"version-history":[{"count":29,"href":"https:\/\/termalica.brukbet.com\/index.php\/wp-json\/wp\/v2\/pages\/28437\/revisions"}],"predecessor-version":[{"id":29807,"href":"https:\/\/termalica.brukbet.com\/index.php\/wp-json\/wp\/v2\/pages\/28437\/revisions\/29807"}],"wp:featuredmedia":[{"embeddable":true,"href":"https:\/\/termalica.brukbet.com\/index.php\/wp-json\/wp\/v2\/media\/39004"}],"wp:attachment":[{"href":"https:\/\/termalica.brukbet.com\/index.php\/wp-json\/wp\/v2\/media?parent=28437"}],"curies":[{"name":"wp","href":"https:\/\/api.w.org\/{rel}","templated":true}]}}