{"id":29932,"date":"2024-05-21T13:17:13","date_gmt":"2024-05-21T11:17:13","guid":{"rendered":"https:\/\/termalica.brukbet.com\/?page_id=29932"},"modified":"2024-05-24T16:17:27","modified_gmt":"2024-05-24T14:17:27","slug":"harmonogram-gier-dd2024","status":"publish","type":"page","link":"https:\/\/termalica.brukbet.com\/index.php\/harmonogram-gier-dd2024\/","title":{"rendered":"HARMONOGRAM GIER DZIE\u0143 DZIECKA 2024"},"content":{"rendered":"<p>&nbsp;<\/p>\n<h4 style=\"text-align: center;\">Kliknij w grup\u0119 poni\u017cej aby przej\u015b\u0107 do harmonogramu gier Twojej dru\u017cyny<\/h4>\n<p>&nbsp;<\/p>\n<h3 style=\"text-align: center;\"><span style=\"color: #ff6600;\"><strong>Sesja poranna<\/strong><\/span><\/h3>\n<p style=\"text-align: center;\"><strong>9:00 &#8211; 13:00<\/strong><\/p>\n<p>&nbsp;<\/p>\n<h1 style=\"text-align: center;\"><a href=\"https:\/\/www.tournify.pl\/live\/dd24-sa\/schedule\">SKRZAT &#8211; GRUPA A<\/a><\/h1>\n<h1 style=\"text-align: center;\"><a href=\"https:\/\/www.tournify.pl\/live\/dd24-sb\/schedule\">SKRZAT &#8211; GRUPA B<\/a><\/h1>\n<h1 style=\"text-align: center;\"><a href=\"https:\/\/www.tournify.pl\/live\/dd24-sc\/schedule\">SKRZAT &#8211; GRUPA C<\/a><\/h1>\n<h1 style=\"text-align: center;\"><a href=\"https:\/\/www.tournify.pl\/live\/dd24-sd\/schedule\">SKRZAT &#8211; GRUPA D<\/a><\/h1>\n<hr \/>\n<h1 style=\"text-align: center;\"><a href=\"https:\/\/www.tournify.pl\/live\/dd24-zrano\/schedule\">\u017bAKI &#8211; GRUPA PORANNA<\/a><\/h1>\n<hr \/>\n<h1 style=\"text-align: center;\"><a href=\"https:\/\/www.tournify.pl\/live\/dd24-g11\/schedule\">GIRLS &#8211; U-11<\/a><\/h1>\n<h1 style=\"text-align: center;\"><a href=\"https:\/\/www.tournify.pl\/live\/dd24-g13\/schedule\">GIRLS &#8211; U-13<\/a><\/h1>\n<hr \/>\n<h3><\/h3>\n<h3 style=\"text-align: center;\"><span style=\"color: #ff6600;\">Sesja popo\u0142udniowa<\/span><\/h3>\n<p style=\"text-align: center;\"><strong>14:00 &#8211; 19:00<\/strong><\/p>\n<p>&nbsp;<\/p>\n<h1 style=\"text-align: center;\"><a href=\"https:\/\/www.tournify.pl\/live\/dd24-z15a\/schedule\">\u017bAK 2015 &#8211; GRUPA A<\/a><\/h1>\n<h1 style=\"text-align: center;\"><a href=\"https:\/\/www.tournify.pl\/live\/dd24-z15b\/schedule\">\u017bAK 2015 &#8211; GRUPA B<\/a><\/h1>\n<h1 style=\"text-align: center;\"><a href=\"https:\/\/www.tournify.pl\/live\/dd24-z15c\/schedule\">\u017bAK 2015 &#8211; GRUPA C<\/a><\/h1>\n<hr \/>\n<h1 style=\"text-align: center;\"><a href=\"https:\/\/www.tournify.pl\/live\/dd24-z16a\/schedule\">\u017bAK 2016 &#8211; GRUPA A<\/a><\/h1>\n<h1 style=\"text-align: center;\"><a href=\"https:\/\/www.tournify.pl\/live\/dd24-z16b\/schedule\">\u017bAK 2016 &#8211; GRUPA B<\/a><\/h1>\n<h1 style=\"text-align: center;\"><a href=\"https:\/\/www.tournify.pl\/live\/dd24-z16c\/schedule\">\u017bAK 2016 &#8211; GRUPA C<\/a><\/h1>\n<p>&nbsp;<\/p>\n<h3 style=\"text-align: center;\"><span style=\"color: #ff6600;\">Uk\u0142ad boisk<\/span><\/h3>\n<p style=\"text-align: center;\"><img fetchpriority=\"high\" decoding=\"async\" class=\"aligncenter size-large wp-image-30032\" src=\"https:\/\/termalica.brukbet.com\/wp-content\/uploads\/2024\/05\/Uklad-boisk-BBT-KIDS-CUP-rano-1024x576.png\" alt=\"\" width=\"1024\" height=\"576\" srcset=\"https:\/\/termalica.brukbet.com\/wp-content\/uploads\/2024\/05\/Uklad-boisk-BBT-KIDS-CUP-rano-1024x576.png 1024w, https:\/\/termalica.brukbet.com\/wp-content\/uploads\/2024\/05\/Uklad-boisk-BBT-KIDS-CUP-rano-300x169.png 300w, https:\/\/termalica.brukbet.com\/wp-content\/uploads\/2024\/05\/Uklad-boisk-BBT-KIDS-CUP-rano-768x432.png 768w, https:\/\/termalica.brukbet.com\/wp-content\/uploads\/2024\/05\/Uklad-boisk-BBT-KIDS-CUP-rano-1536x864.png 1536w, https:\/\/termalica.brukbet.com\/wp-content\/uploads\/2024\/05\/Uklad-boisk-BBT-KIDS-CUP-rano.png 1920w\" sizes=\"(max-width: 1024px) 100vw, 1024px\" \/><\/p>\n<p>&nbsp;<\/p>\n<p>&nbsp;<\/p>\n<p style=\"text-align: center;\"><img decoding=\"async\" class=\"aligncenter size-large wp-image-30033\" src=\"https:\/\/termalica.brukbet.com\/wp-content\/uploads\/2024\/05\/Uklad-boisk-BBT-KIDS-CUP-popoludniu-1024x576.png\" alt=\"\" width=\"1024\" height=\"576\" srcset=\"https:\/\/termalica.brukbet.com\/wp-content\/uploads\/2024\/05\/Uklad-boisk-BBT-KIDS-CUP-popoludniu-1024x576.png 1024w, https:\/\/termalica.brukbet.com\/wp-content\/uploads\/2024\/05\/Uklad-boisk-BBT-KIDS-CUP-popoludniu-300x169.png 300w, https:\/\/termalica.brukbet.com\/wp-content\/uploads\/2024\/05\/Uklad-boisk-BBT-KIDS-CUP-popoludniu-768x432.png 768w, https:\/\/termalica.brukbet.com\/wp-content\/uploads\/2024\/05\/Uklad-boisk-BBT-KIDS-CUP-popoludniu-1536x864.png 1536w, https:\/\/termalica.brukbet.com\/wp-content\/uploads\/2024\/05\/Uklad-boisk-BBT-KIDS-CUP-popoludniu.png 1920w\" sizes=\"(max-width: 1024px) 100vw, 1024px\" \/><\/p>\n","protected":false},"excerpt":{"rendered":"<p>&nbsp; Kliknij w grup\u0119 poni\u017cej aby przej\u015b\u0107 do harmonogramu gier Twojej dru\u017cyny &nbsp; Sesja poranna 9:00 &#8211; 13:00 &nbsp; SKRZAT &#8211; GRUPA A SKRZAT &#8211; GRUPA B SKRZAT &#8211; GRUPA C SKRZAT &#8211; GRUPA D \u017bAKI &#8211; GRUPA PORANNA GIRLS &#8211; U-11 GIRLS &#8211; U-13 Sesja popo\u0142udniowa 14:00 &#8211; 19:00 &nbsp; \u017bAK 2015 &#8211; GRUPA [&hellip;]<\/p>\n","protected":false},"author":2,"featured_media":0,"parent":0,"menu_order":0,"comment_status":"closed","ping_status":"closed","template":"","meta":{"_acf_changed":false,"footnotes":""},"class_list":["post-29932","page","type-page","status-publish","hentry"],"acf":[],"_links":{"self":[{"href":"https:\/\/termalica.brukbet.com\/index.php\/wp-json\/wp\/v2\/pages\/29932","targetHints":{"allow":["GET"]}}],"collection":[{"href":"https:\/\/termalica.brukbet.com\/index.php\/wp-json\/wp\/v2\/pages"}],"about":[{"href":"https:\/\/termalica.brukbet.com\/index.php\/wp-json\/wp\/v2\/types\/page"}],"author":[{"embeddable":true,"href":"https:\/\/termalica.brukbet.com\/index.php\/wp-json\/wp\/v2\/users\/2"}],"replies":[{"embeddable":true,"href":"https:\/\/termalica.brukbet.com\/index.php\/wp-json\/wp\/v2\/comments?post=29932"}],"version-history":[{"count":11,"href":"https:\/\/termalica.brukbet.com\/index.php\/wp-json\/wp\/v2\/pages\/29932\/revisions"}],"predecessor-version":[{"id":30035,"href":"https:\/\/termalica.brukbet.com\/index.php\/wp-json\/wp\/v2\/pages\/29932\/revisions\/30035"}],"wp:attachment":[{"href":"https:\/\/termalica.brukbet.com\/index.php\/wp-json\/wp\/v2\/media?parent=29932"}],"curies":[{"name":"wp","href":"https:\/\/api.w.org\/{rel}","templated":true}]}}