{"id":36590,"date":"2025-03-18T16:22:55","date_gmt":"2025-03-18T15:22:55","guid":{"rendered":"https:\/\/termalica.brukbet.com\/?page_id=36590"},"modified":"2025-03-18T16:22:55","modified_gmt":"2025-03-18T15:22:55","slug":"u-20-grupowe-bilety","status":"publish","type":"page","link":"https:\/\/termalica.brukbet.com\/index.php\/u-20-grupowe-bilety\/","title":{"rendered":"U-20 grupowe bilety"},"content":{"rendered":"<p style=\"text-align: center;\"><img fetchpriority=\"high\" decoding=\"async\" class=\"aligncenter size-large wp-image-36438\" src=\"https:\/\/termalica.brukbet.com\/wp-content\/uploads\/2025\/03\/2400x1800-1024x768.jpg\" alt=\"\" width=\"1024\" height=\"768\" srcset=\"https:\/\/termalica.brukbet.com\/wp-content\/uploads\/2025\/03\/2400x1800-1024x768.jpg 1024w, https:\/\/termalica.brukbet.com\/wp-content\/uploads\/2025\/03\/2400x1800-300x225.jpg 300w, https:\/\/termalica.brukbet.com\/wp-content\/uploads\/2025\/03\/2400x1800-400x300.jpg 400w, https:\/\/termalica.brukbet.com\/wp-content\/uploads\/2025\/03\/2400x1800-768x576.jpg 768w, https:\/\/termalica.brukbet.com\/wp-content\/uploads\/2025\/03\/2400x1800-1536x1152.jpg 1536w, https:\/\/termalica.brukbet.com\/wp-content\/uploads\/2025\/03\/2400x1800-2048x1536.jpg 2048w\" sizes=\"(max-width: 1024px) 100vw, 1024px\" \/><\/p>\n<p>&nbsp;<\/p>\n<p style=\"font-weight: 400;\">Bilety\u00a0<strong>dzieci i\u00a0m\u0142odzie\u017cy<\/strong>\u00a0w\u00a0grupach zorganizowanych\u00a0<strong>kosztuj\u0105 po\u00a01 z\u0142<\/strong>, dla kibic\u00f3w\u00a0<strong>doros\u0142ych<\/strong>\u00a0w zorganizowanych grupach &#8211;\u00a0<strong>5 z\u0142<\/strong>.<\/p>\n<p style=\"font-weight: 400;\">\n<p style=\"font-weight: 400;\"><strong>Zg\u0142oszenie grupy do udzia\u0142u w meczu &#8211; krok po kroku!<\/strong><\/p>\n<h2 style=\"font-weight: 400;\">\n<strong>KROK 1<\/strong><\/h2>\n<p style=\"font-weight: 400;\">Przes\u0142anie zg\u0142oszenia w wiadomo\u015bci mailowej najp\u00f3\u017aniej\u00a0<strong>do czwartku<\/strong>\u00a0<strong>20 marca do godz: 9:00<\/strong>\u00a0na adres <strong><a href=\"mailto:eventy.bbt1922@gmail.com\">eventy.bbt1922@gmail.com<\/a><\/strong>\u00a0zawieraj\u0105cej nast\u0119puj\u0105ce informacje:<\/p>\n<ol>\n<li style=\"font-weight: 400;\">Nazw\u0119 szko\u0142y \/ Klubu sportowego,<\/li>\n<li style=\"font-weight: 400;\">Liczb\u0119 os\u00f3b (dzieci + opiekunowie),<\/li>\n<li style=\"font-weight: 400;\">Dane kierownika grupy \u2013 osoby odpowiedzialnej za kontakt z Klubem (imi\u0119, nazwisko, adres e-mail, nr telefonu),<\/li>\n<li style=\"font-weight: 400;\">List\u0119 uczestnik\u00f3w &#8211; dane osobowe\u00a0 (imi\u0119, nazwisko, nr PESEL) &#8211; <strong>plik do pobrania &gt;&gt;&gt;\u00a0 <span style=\"color: #ff6600;\"><a style=\"color: #ff6600;\" href=\"https:\/\/termalica.brukbet.com\/wp-content\/uploads\/2025\/03\/Wejscie-na-mecz-lista-uczestnikow-Bruk-Bet-Termalica.xlsx\" target=\"_blank\" rel=\"noopener\">TUTAJ<\/a><\/span><\/strong><\/li>\n<\/ol>\n<p>&nbsp;<\/p>\n<h2 style=\"font-weight: 400;\"><strong>KROK 2<\/strong><\/h2>\n<p style=\"font-weight: 400;\">Po przes\u0142aniu zg\u0142oszenia Koordynator ze strony Klubu potwierdzi Pa\u0144stwa udzia\u0142 w wydarzeniu przesy\u0142aj\u0105c dodatkowo najwa\u017cniejsze informacje organizacyjne.<\/p>\n<p style=\"font-weight: 400;\"><strong>Najwa\u017cniejsze informacje o akcji:<\/strong><\/p>\n<ol>\n<li style=\"font-weight: 400;\">Bilety grupowe w ramach akcji sprzedawane s\u0105 w cenie 1 z\u0142\/os.<\/li>\n<li style=\"font-weight: 400;\">Bilet dla opiekun\u00f3w i doros\u0142ych w zorganizowanej grupie w cenie 5 z\u0142.<\/li>\n<li style=\"font-weight: 400;\">Grupa mo\u017ce sk\u0142ada\u0107 si\u0119 z dzieci i m\u0142odzie\u017cy, kt\u00f3re nie uko\u0144czy\u0142y 18 roku.<\/li>\n<li style=\"font-weight: 400;\">Wszystkie pozosta\u0142e informacj\u0119 organizacyjne zostan\u0105 przekazane w bezpo\u015brednich wiadomo\u015bciach po potwierdzeniu udzia\u0142u Pa\u0144stwa grupy w wydarzeniu.<\/li>\n<\/ol>\n<p style=\"font-weight: 400;\">\n<p style=\"font-weight: 400;\">W razie dodatkowych pyta\u0144 prosimy o kontakt pod adresem e-mail:\u00a0<strong><a href=\"mailto:eventy.bbt1922@gmail.com\">eventy.bbt1922@gmail.com<\/a>\u00a0<\/strong>lub pod numerem telefonu\u00a0<strong>600 142 911.<br \/>\n<\/strong><\/p>\n<p style=\"font-weight: 400;\"><strong>\u00a0<\/strong><\/p>\n<p style=\"font-weight: 400;\"><strong>Liczba miejsc ograniczona decyduje kolejno\u015b\u0107 zg\u0142osze\u0144!<br \/>\n<\/strong><\/p>\n<p style=\"font-weight: 400;\"><strong>Zapraszamy do wsp\u00f3lnego kibicowania ! Przywitaj wiosn\u0119 na stadionie w Niecieczy i kibicuj bia\u0142o-czerwonym !<\/strong><\/p>\n","protected":false},"excerpt":{"rendered":"<p>&nbsp; Bilety\u00a0dzieci i\u00a0m\u0142odzie\u017cy\u00a0w\u00a0grupach zorganizowanych\u00a0kosztuj\u0105 po\u00a01 z\u0142, dla kibic\u00f3w\u00a0doros\u0142ych\u00a0w zorganizowanych grupach &#8211;\u00a05 z\u0142. Zg\u0142oszenie grupy do udzia\u0142u w meczu &#8211; krok po kroku! KROK 1 Przes\u0142anie zg\u0142oszenia w wiadomo\u015bci mailowej najp\u00f3\u017aniej\u00a0do czwartku\u00a020 marca do godz: 9:00\u00a0na adres eventy.bbt1922@gmail.com\u00a0zawieraj\u0105cej nast\u0119puj\u0105ce informacje: Nazw\u0119 szko\u0142y \/ Klubu sportowego, Liczb\u0119 os\u00f3b (dzieci + opiekunowie), Dane kierownika grupy \u2013 osoby odpowiedzialnej [&hellip;]<\/p>\n","protected":false},"author":2,"featured_media":0,"parent":0,"menu_order":0,"comment_status":"closed","ping_status":"closed","template":"","meta":{"_acf_changed":false,"footnotes":""},"class_list":["post-36590","page","type-page","status-publish","hentry"],"acf":[],"_links":{"self":[{"href":"https:\/\/termalica.brukbet.com\/index.php\/wp-json\/wp\/v2\/pages\/36590","targetHints":{"allow":["GET"]}}],"collection":[{"href":"https:\/\/termalica.brukbet.com\/index.php\/wp-json\/wp\/v2\/pages"}],"about":[{"href":"https:\/\/termalica.brukbet.com\/index.php\/wp-json\/wp\/v2\/types\/page"}],"author":[{"embeddable":true,"href":"https:\/\/termalica.brukbet.com\/index.php\/wp-json\/wp\/v2\/users\/2"}],"replies":[{"embeddable":true,"href":"https:\/\/termalica.brukbet.com\/index.php\/wp-json\/wp\/v2\/comments?post=36590"}],"version-history":[{"count":2,"href":"https:\/\/termalica.brukbet.com\/index.php\/wp-json\/wp\/v2\/pages\/36590\/revisions"}],"predecessor-version":[{"id":36593,"href":"https:\/\/termalica.brukbet.com\/index.php\/wp-json\/wp\/v2\/pages\/36590\/revisions\/36593"}],"wp:attachment":[{"href":"https:\/\/termalica.brukbet.com\/index.php\/wp-json\/wp\/v2\/media?parent=36590"}],"curies":[{"name":"wp","href":"https:\/\/api.w.org\/{rel}","templated":true}]}}