{"id":39254,"date":"2025-07-10T12:10:11","date_gmt":"2025-07-10T10:10:11","guid":{"rendered":"https:\/\/termalica.brukbet.com\/?page_id=39254"},"modified":"2026-04-14T14:04:23","modified_gmt":"2026-04-14T12:04:23","slug":"ekstra-gra","status":"publish","type":"page","link":"https:\/\/termalica.brukbet.com\/index.php\/ekstra-gra\/","title":{"rendered":"Ekstra Gra z Bruk-Bet Termalica"},"content":{"rendered":"<div>Festiwale pi\u0142karskie Ekstra Gra o wyj\u0105tkowa inicjatywa, kt\u00f3ra daje mo\u017cliwo\u015b\u0107 <b>rozegrania b\u0142yskawicznego turnieju szkoleniowego<\/b>\u00a0(du\u017ca liczb\u0105 spotka\u0144 i minut sp\u0119dzonych na boisku) po\u0142\u0105czonego z\u00a0<b>uczestnictwem na trybunach w spotkaniu PKO BP Ekstraklasy<\/b>. Dla dzieci, rozpoczynaj\u0105cych przygod\u0119 z pi\u0142k\u0105 udzia\u0142 w pi\u0142karskim \u015bwi\u0119cie jest nie tylko okazj\u0105 do nauki od starszych koleg\u00f3w ale r\u00f3wnie\u017c fantastyczn\u0105 szans\u0105 do\u00a0prze\u017cycia wielkich emocji, kt\u00f3re pozwol\u0105 na rozpalenie mi\u0142o\u015bci do pi\u0142ki no\u017cnej i pasji do regularnej aktywno\u015bci fizycznej.<\/div>\n<div><\/div>\n<div><\/div>\n<div style=\"text-align: center;\"><img fetchpriority=\"high\" decoding=\"async\" class=\"aligncenter size-large wp-image-39016\" src=\"https:\/\/termalica.brukbet.com\/wp-content\/uploads\/2025\/06\/DSC07540-1024x683.jpg\" alt=\"\" width=\"1024\" height=\"683\" srcset=\"https:\/\/termalica.brukbet.com\/wp-content\/uploads\/2025\/06\/DSC07540-1024x683.jpg 1024w, https:\/\/termalica.brukbet.com\/wp-content\/uploads\/2025\/06\/DSC07540-300x200.jpg 300w, https:\/\/termalica.brukbet.com\/wp-content\/uploads\/2025\/06\/DSC07540-768x512.jpg 768w, https:\/\/termalica.brukbet.com\/wp-content\/uploads\/2025\/06\/DSC07540-1536x1024.jpg 1536w, https:\/\/termalica.brukbet.com\/wp-content\/uploads\/2025\/06\/DSC07540.jpg 2048w\" sizes=\"(max-width: 1024px) 100vw, 1024px\" \/><\/div>\n<p>&nbsp;<\/p>\n<div><\/div>\n<div>Rozgrywki s\u0105 dedykowane najm\u0142odszym adeptom pi\u0142ki no\u017cnej i rozgrywane s\u0105 w trzech kategoriach wiekowych:<\/div>\n<ul>\n<li><strong>Skrzatom &#8211; roczniki 2020 \/ 2019,<\/strong><\/li>\n<li><strong>\u017bakom &#8211; roczniki 2018 \/ 2017,<\/strong><\/li>\n<li><strong>Orlikom &#8211; roczniki 2015 \/ 2016<\/strong>.<\/li>\n<\/ul>\n<p>&nbsp;<\/p>\n<p>Podczas ka\u017cdego turnieju w danej kategorii wiekowej uczestnicy maksymalnie <strong>8 dru\u017cyn<\/strong>, kt\u00f3re rozgrywaj\u0105 spotkania r\u00f3wnolegle na 4 boiskach\u00a0 w systemie ka\u017cdy ka\u017cdym. To zapewnia uczestnikom odpowiednio du\u017c\u0105 liczb\u0119 spotka\u0144 oraz minut sp\u0119dzonych na boisku. Na ka\u017cdego uczestnika czeka <strong>pami\u0105tkowy medal<\/strong>. Dodatkowo w czasie turnieju zaplanowane s\u0105 <strong>liczne konkursy<\/strong> w kt\u00f3rych b\u0119dzie mo\u017cna wgra\u0107 <strong>atrakcyjne nagrody<\/strong>!<\/p>\n<div><\/div>\n<div><b>Dru\u017cyny,\u00a0<\/b>kt\u00f3re uczestnicz\u0105 w festiwalach pi\u0142karskich przed meczami PKO BP Ekstraklasy opr\u00f3cz <b>\u015bwietnie zorganizowanego turnieju<\/b>\u00a0(opieka medyczna, spiker, zdj\u0119cia, profesjonalna oprawa)<b>\u00a0<\/b>wraz z<b>\u00a0dodatkowymi atrakcjami\u00a0<\/b>(dmucha\u0144ce, konkursy, pi\u0142karskie wyzwania, strefa gastro)<b>\u00a0otrzymuj\u0105 tak\u017ce bezp\u0142atne bilety na mecz.<br \/>\n<\/b><\/div>\n<div><\/div>\n<div><\/div>\n<div><\/div>\n<div style=\"text-align: center;\"><img decoding=\"async\" class=\"aligncenter size-large wp-image-39042\" src=\"https:\/\/termalica.brukbet.com\/wp-content\/uploads\/2025\/06\/DSC07849-1024x683.jpg\" alt=\"\" width=\"1024\" height=\"683\" srcset=\"https:\/\/termalica.brukbet.com\/wp-content\/uploads\/2025\/06\/DSC07849-1024x683.jpg 1024w, https:\/\/termalica.brukbet.com\/wp-content\/uploads\/2025\/06\/DSC07849-300x200.jpg 300w, https:\/\/termalica.brukbet.com\/wp-content\/uploads\/2025\/06\/DSC07849-768x512.jpg 768w, https:\/\/termalica.brukbet.com\/wp-content\/uploads\/2025\/06\/DSC07849-1536x1024.jpg 1536w, https:\/\/termalica.brukbet.com\/wp-content\/uploads\/2025\/06\/DSC07849.jpg 2048w\" sizes=\"(max-width: 1024px) 100vw, 1024px\" \/><\/div>\n<p>&nbsp;<\/p>\n<div>\n<div><\/div>\n<div><\/div>\n<div>Terminy najbli\u017cszych festiwali pi\u0142karskich EKSTRA GRA b\u0119d\u0105 podawane bezpo\u015brednio po ustaleniu kalendarza rozgrywek PKO BP Ekstraklasy. Najbli\u017csze turnieje odb\u0119d\u0105 si\u0119:<\/div>\n<\/div>\n<h3 style=\"text-align: center;\"><\/h3>\n<p>&nbsp;<\/p>\n<h3 style=\"text-align: center;\"><span style=\"color: #ff6600;\">19 kwietnia 2026 \u2013 godz. 8:00 \u2013 11:45 \u2013 Ekstra Gra x Wis\u0142a P\u0142ock (5. edycja)<\/span><\/h3>\n<p>&nbsp;<\/p>\n<h3 style=\"text-align: center;\"><span style=\"color: #ff6600;\">10 maja 2026 \u2013 godz. 12:00 \u2013 16:30 \u2013 Ekstra Gra x Legia Warszawa\u00a0(6. edycja)<\/span><\/h3>\n<p>&nbsp;<\/p>\n<h3 style=\"text-align: center;\"><a href=\"https:\/\/forms.gle\/F1ozWUHjr3fqmqPE7\"><img decoding=\"async\" class=\"aligncenter wp-image-45780\" src=\"https:\/\/termalica.brukbet.com\/wp-content\/uploads\/2026\/03\/small_Legia-Warszawa-724x1024.jpg\" alt=\"\" width=\"542\" height=\"767\" srcset=\"https:\/\/termalica.brukbet.com\/wp-content\/uploads\/2026\/03\/small_Legia-Warszawa-724x1024.jpg 724w, https:\/\/termalica.brukbet.com\/wp-content\/uploads\/2026\/03\/small_Legia-Warszawa-212x300.jpg 212w, https:\/\/termalica.brukbet.com\/wp-content\/uploads\/2026\/03\/small_Legia-Warszawa-768x1086.jpg 768w, https:\/\/termalica.brukbet.com\/wp-content\/uploads\/2026\/03\/small_Legia-Warszawa.jpg 1020w\" sizes=\"(max-width: 542px) 100vw, 542px\" \/><\/a><\/h3>\n<p>&nbsp;<\/p>\n<p style=\"text-align: center;\"><strong>Zapisz si\u0119 ju\u017c dzi\u015b !<\/strong><\/p>\n<h1 style=\"text-align: center;\">&gt;&gt;&gt;\u00a0<a href=\"https:\/\/bit.ly\/Ekstra_Gra_BBT_forms\"><span style=\"color: #ff6600;\">FORMULARZ ZG\u0141OSZE\u0143<\/span><\/a>\u00a0&lt;&lt;&lt;<\/h1>\n<div>\n<div><\/div>\n<p>&nbsp;<\/p>\n<div>\n<p>Zosta\u0144cie z nami i za po\u015brednictwem naszych medi\u00f3w spo\u0142eczno\u015bciowych sprawdzajcie na bie\u017c\u0105co jakie dodatkowe atrakcje pojawi\u0105 podczas pi\u0142karskiego festiwalu dzieci w Niecieczy \u2013\u00a0<a href=\"https:\/\/www.facebook.com\/AkademiaBBT\"><strong>www.facebook.com\/AkademiaBBT<\/strong><\/a>\u00a0oraz\u00a0<strong><a href=\"https:\/\/www.facebook.com\/BBTYouthCup\">www.facebook.com\/BBTYouthCup<\/a><\/strong><\/p>\n<div>\n<div><\/div>\n<p>&nbsp;<\/p>\n<p style=\"text-align: center;\"><strong>Do\u0142\u0105cz do NAS !\u00a0<\/strong><\/p>\n<p>&nbsp;<\/p>\n<h3 style=\"text-align: center;\"><a href=\"https:\/\/drive.google.com\/file\/d\/1hqQp0ZKOyjw8rbRVAqdL-Cb9Z4YEN_nR\/view?usp=sharing\"><span style=\"color: #333399;\"><strong>REGULAMIN TURNIEJU<\/strong><\/span><\/a><\/h3>\n<p>&nbsp;<\/p>\n<p>&nbsp;<\/p>\n<p style=\"text-align: center;\">Wi\u0119cej informacji na temat festiwalu pi\u0142karskiego z Ekstra Gra z Akademi\u0105 Pi\u0142karska Bruk-Bet Termalica mo\u017cna uzyska\u0107<\/p>\n<p style=\"text-align: center;\">pod adresem e-mail:\u00a0<strong>eventy.bbt1922@gmail.com<\/strong>\u00a0oraz pod numerem telefonu\u00a0<strong>726 406 723.<\/strong><\/p>\n<\/div>\n<\/div>\n<p>&nbsp;<\/p>\n<h2 style=\"text-align: center;\"><span style=\"color: #ff6600;\"><strong>#Budujemypi\u0142karskietalenty<\/strong><\/span><\/h2>\n<div>\n<div><\/div>\n<div><\/div>\n<\/div>\n<\/div>\n","protected":false},"excerpt":{"rendered":"<p>Festiwale pi\u0142karskie Ekstra Gra o wyj\u0105tkowa inicjatywa, kt\u00f3ra daje mo\u017cliwo\u015b\u0107 rozegrania b\u0142yskawicznego turnieju szkoleniowego\u00a0(du\u017ca liczb\u0105 spotka\u0144 i minut sp\u0119dzonych na boisku) po\u0142\u0105czonego z\u00a0uczestnictwem na trybunach w spotkaniu PKO BP Ekstraklasy. Dla dzieci, rozpoczynaj\u0105cych przygod\u0119 z pi\u0142k\u0105 udzia\u0142 w pi\u0142karskim \u015bwi\u0119cie jest nie tylko okazj\u0105 do nauki od starszych koleg\u00f3w ale r\u00f3wnie\u017c fantastyczn\u0105 szans\u0105 do\u00a0prze\u017cycia wielkich [&hellip;]<\/p>\n","protected":false},"author":2,"featured_media":0,"parent":0,"menu_order":0,"comment_status":"closed","ping_status":"closed","template":"","meta":{"_acf_changed":false,"footnotes":""},"class_list":["post-39254","page","type-page","status-publish","hentry"],"acf":[],"_links":{"self":[{"href":"https:\/\/termalica.brukbet.com\/index.php\/wp-json\/wp\/v2\/pages\/39254","targetHints":{"allow":["GET"]}}],"collection":[{"href":"https:\/\/termalica.brukbet.com\/index.php\/wp-json\/wp\/v2\/pages"}],"about":[{"href":"https:\/\/termalica.brukbet.com\/index.php\/wp-json\/wp\/v2\/types\/page"}],"author":[{"embeddable":true,"href":"https:\/\/termalica.brukbet.com\/index.php\/wp-json\/wp\/v2\/users\/2"}],"replies":[{"embeddable":true,"href":"https:\/\/termalica.brukbet.com\/index.php\/wp-json\/wp\/v2\/comments?post=39254"}],"version-history":[{"count":25,"href":"https:\/\/termalica.brukbet.com\/index.php\/wp-json\/wp\/v2\/pages\/39254\/revisions"}],"predecessor-version":[{"id":45785,"href":"https:\/\/termalica.brukbet.com\/index.php\/wp-json\/wp\/v2\/pages\/39254\/revisions\/45785"}],"wp:attachment":[{"href":"https:\/\/termalica.brukbet.com\/index.php\/wp-json\/wp\/v2\/media?parent=39254"}],"curies":[{"name":"wp","href":"https:\/\/api.w.org\/{rel}","templated":true}]}}